{"id":10,"date":"2019-11-05T02:19:08","date_gmt":"2019-11-05T02:19:08","guid":{"rendered":"https:\/\/www.makecarsgreen.com\/?page_id=10"},"modified":"2019-11-13T04:04:27","modified_gmt":"2019-11-13T04:04:27","slug":"leiebil-i-nice","status":"publish","type":"page","link":"https:\/\/www.makecarsgreen.com\/","title":{"rendered":"Leiebil i Nice"},"content":{"rendered":"\n<p>Nice er en sv\u00e6rt popul\u00e6r turistdestinasjon, og ligger i S\u00f8r-Frankrike ved den franske rivieraen C\u00f4te d\u2019Azur. Byens mest kjente attraksjon er den vakre strandpromenaden Promenade des Anglais &#8211; som er omkranset av palmer og luksuri\u00f8se hoteller. I tillegg til sol- og badeliv, kan Nice tilby flotte kunstmuseer, spennende butikker og trendy utelivssteder. <\/p>\n\n\n\n<p><\/p>\n","protected":false},"excerpt":{"rendered":"<p>Nice er en sv\u00e6rt popul\u00e6r turistdestinasjon, og ligger i S\u00f8r-Frankrike ved den franske rivieraen C\u00f4te d\u2019Azur. Byens mest kjente attraksjon er den vakre strandpromenaden Promenade des Anglais &#8211; som er omkranset av palmer og luksuri\u00f8se<a class=\"read-more\" href=\"https:\/\/www.makecarsgreen.com\/\">&hellip;Continue Reading<\/a><\/p>\n","protected":false},"author":1,"featured_media":0,"parent":0,"menu_order":0,"comment_status":"closed","ping_status":"closed","template":"","meta":{"footnotes":""},"class_list":["post-10","page","type-page","status-publish","hentry","odd"],"aioseo_notices":[],"_links":{"self":[{"href":"https:\/\/www.makecarsgreen.com\/index.php?rest_route=\/wp\/v2\/pages\/10","targetHints":{"allow":["GET"]}}],"collection":[{"href":"https:\/\/www.makecarsgreen.com\/index.php?rest_route=\/wp\/v2\/pages"}],"about":[{"href":"https:\/\/www.makecarsgreen.com\/index.php?rest_route=\/wp\/v2\/types\/page"}],"author":[{"embeddable":true,"href":"https:\/\/www.makecarsgreen.com\/index.php?rest_route=\/wp\/v2\/users\/1"}],"replies":[{"embeddable":true,"href":"https:\/\/www.makecarsgreen.com\/index.php?rest_route=%2Fwp%2Fv2%2Fcomments&post=10"}],"version-history":[{"count":3,"href":"https:\/\/www.makecarsgreen.com\/index.php?rest_route=\/wp\/v2\/pages\/10\/revisions"}],"predecessor-version":[{"id":15,"href":"https:\/\/www.makecarsgreen.com\/index.php?rest_route=\/wp\/v2\/pages\/10\/revisions\/15"}],"wp:attachment":[{"href":"https:\/\/www.makecarsgreen.com\/index.php?rest_route=%2Fwp%2Fv2%2Fmedia&parent=10"}],"curies":[{"name":"wp","href":"https:\/\/api.w.org\/{rel}","templated":true}]}}